{"id":7943,"date":"2026-02-16T11:11:07","date_gmt":"2026-02-16T11:11:07","guid":{"rendered":"http:\/\/207.154.243.188\/?page_id=7943"},"modified":"2026-04-08T14:09:24","modified_gmt":"2026-04-08T14:09:24","slug":"terms-conditions","status":"publish","type":"page","link":"https:\/\/vienna-alacarte.com\/fr\/terms-conditions\/","title":{"rendered":"Terms Conditions"},"content":{"rendered":"<p><\/p>\n<h2>Conditions de r\u00e9servation<\/h2>\n<p><strong>POLITIQUE D&rsquo;ANNULATION<\/strong><br \/>\nVous pouvez annuler toutes nos visites de groupe gratuitement jusqu&rsquo;\u00e0 24 heures avant le d\u00e9but de la visite. Aucun remboursement ne sera effectu\u00e9 en cas d&rsquo;annulation tardive ou de non-pr\u00e9sentation. Les visites priv\u00e9es peuvent \u00eatre annul\u00e9es gratuitement jusqu&rsquo;\u00e0 72 heures avant le d\u00e9but de la visite (sauf pour les groupes de plus de 7 personnes).<\/p>\n<p>Veuillez vous r\u00e9f\u00e9rer aux pages de description des visites pour plus de d\u00e9tails.<br \/>\nLes annulations doivent \u00eatre faites par \u00e9crit (e-mail). Nous n&rsquo;acceptons pas les annulations par t\u00e9l\u00e9phone.<\/p>\n<p>&nbsp;<\/p>\n<p><strong>NOMBRE MINIMUM DE PARTICIPANTS<\/strong><br \/>\nNos visites de groupe sont garanties \u00e0 partir d&rsquo;un minimum de 4 personnes par visite. Si le nombre minimum n&rsquo;est pas atteint, nous vous contacterons \u00e0 l&rsquo;avance par e-mail ou par t\u00e9l\u00e9phone et vous pourrez choisir entre un report \u00e0 une date ult\u00e9rieure ou un remboursement complet.<\/p>","protected":false},"excerpt":{"rendered":"<p>Conditions de r\u00e9servation POLITIQUE D&rsquo;ANNULATION Vous pouvez annuler toutes nos visites de groupe gratuitement jusqu&rsquo;\u00e0 24 heures avant le d\u00e9but de la visite. Aucun remboursement ne sera effectu\u00e9 en cas d&rsquo;annulation tardive ou de non-pr\u00e9sentation. Les visites priv\u00e9es peuvent \u00eatre annul\u00e9es gratuitement jusqu&rsquo;\u00e0 72 heures avant le d\u00e9but de la visite (sauf pour les groupes [&hellip;]<\/p>\n","protected":false},"author":1,"featured_media":0,"parent":0,"menu_order":0,"comment_status":"closed","ping_status":"closed","template":"","meta":{"_acf_changed":false,"footnotes":""},"class_list":["post-7943","page","type-page","status-publish","hentry"],"acf":[],"yoast_head":"<!-- This site is optimized with the Yoast SEO plugin v27.5 - https:\/\/yoast.com\/product\/yoast-seo-wordpress\/ -->\n<title>Terms Conditions - Vienna ala carte<\/title>\n<meta name=\"robots\" content=\"index, follow, max-snippet:-1, max-image-preview:large, max-video-preview:-1\" \/>\n<link rel=\"canonical\" href=\"https:\/\/vienna-alacarte.com\/de\/terms-conditions\/\" \/>\n<meta property=\"og:locale\" content=\"fr_FR\" \/>\n<meta property=\"og:type\" content=\"article\" \/>\n<meta property=\"og:title\" content=\"Terms Conditions - [:en]Vienna \u00e0 la carte[:de]Vienna ala carte[:fr]Vienna ala carte[:es]Vienna ala carte[:]\" \/>\n<meta property=\"og:description\" content=\"Conditions de r\u00e9servation POLITIQUE D&rsquo;ANNULATION Vous pouvez annuler toutes nos visites de groupe gratuitement jusqu&rsquo;\u00e0 24 heures avant le d\u00e9but de la visite. Aucun remboursement ne sera effectu\u00e9 en cas d&rsquo;annulation tardive ou de non-pr\u00e9sentation. Les visites priv\u00e9es peuvent \u00eatre annul\u00e9es gratuitement jusqu&rsquo;\u00e0 72 heures avant le d\u00e9but de la visite (sauf pour les groupes [&hellip;]\" \/>\n<meta property=\"og:url\" content=\"https:\/\/vienna-alacarte.com\/de\/terms-conditions\/\" \/>\n<meta property=\"og:site_name\" content=\"[:en]Vienna \u00e0 la carte[:de]Vienna ala carte[:fr]Vienna ala carte[:es]Vienna ala carte[:]\" \/>\n<meta property=\"article:modified_time\" content=\"2026-04-08T14:09:24+00:00\" \/>\n<meta name=\"twitter:card\" content=\"summary_large_image\" \/>\n<meta name=\"twitter:label1\" content=\"Dur\u00e9e de lecture estim\u00e9e\" \/>\n\t<meta name=\"twitter:data1\" content=\"3 minutes\" \/>\n<script type=\"application\/ld+json\" class=\"yoast-schema-graph\">{\"@context\":\"https:\\\/\\\/schema.org\",\"@graph\":[{\"@type\":\"WebPage\",\"@id\":\"https:\\\/\\\/vienna-alacarte.com\\\/de\\\/terms-conditions\\\/\",\"url\":\"https:\\\/\\\/vienna-alacarte.com\\\/de\\\/terms-conditions\\\/\",\"name\":\"Terms Conditions - [:en]Vienna \u00e0 la carte[:de]Vienna ala carte[:fr]Vienna ala carte[:es]Vienna ala carte[:]\",\"isPartOf\":{\"@id\":\"https:\\\/\\\/vienna-alacarte.com\\\/de\\\/#website\"},\"datePublished\":\"2026-02-16T11:11:07+00:00\",\"dateModified\":\"2026-04-08T14:09:24+00:00\",\"breadcrumb\":{\"@id\":\"https:\\\/\\\/vienna-alacarte.com\\\/de\\\/terms-conditions\\\/#breadcrumb\"},\"inLanguage\":\"fr-FR\",\"potentialAction\":[{\"@type\":\"ReadAction\",\"target\":[\"https:\\\/\\\/vienna-alacarte.com\\\/de\\\/terms-conditions\\\/\"]}]},{\"@type\":\"BreadcrumbList\",\"@id\":\"https:\\\/\\\/vienna-alacarte.com\\\/de\\\/terms-conditions\\\/#breadcrumb\",\"itemListElement\":[{\"@type\":\"ListItem\",\"position\":1,\"name\":\"Home\",\"item\":\"https:\\\/\\\/vienna-alacarte.com\\\/de\\\/\"},{\"@type\":\"ListItem\",\"position\":2,\"name\":\"Terms Conditions\"}]},{\"@type\":\"WebSite\",\"@id\":\"https:\\\/\\\/vienna-alacarte.com\\\/de\\\/#website\",\"url\":\"https:\\\/\\\/vienna-alacarte.com\\\/de\\\/\",\"name\":\"[:en]Vienna \u00e0 la carte[:de]Vienna ala carte[:fr]Vienna ala carte[:es]Vienna ala carte[:]\",\"description\":\"[:en]Private Sightseeing Tours and Day Trips in Vienna with expert guides[:]\",\"publisher\":{\"@id\":\"https:\\\/\\\/vienna-alacarte.com\\\/de\\\/#organization\"},\"potentialAction\":[{\"@type\":\"SearchAction\",\"target\":{\"@type\":\"EntryPoint\",\"urlTemplate\":\"https:\\\/\\\/vienna-alacarte.com\\\/de\\\/?s={search_term_string}\"},\"query-input\":{\"@type\":\"PropertyValueSpecification\",\"valueRequired\":true,\"valueName\":\"search_term_string\"}}],\"inLanguage\":\"fr-FR\"},{\"@type\":\"Organization\",\"@id\":\"https:\\\/\\\/vienna-alacarte.com\\\/de\\\/#organization\",\"name\":\"[:en]Vienna \u00e0 la carte[:de]Vienna ala carte[:fr]Vienna ala carte[:es]Vienna ala carte[:]\",\"url\":\"https:\\\/\\\/vienna-alacarte.com\\\/de\\\/\",\"logo\":{\"@type\":\"ImageObject\",\"inLanguage\":\"fr-FR\",\"@id\":\"https:\\\/\\\/vienna-alacarte.com\\\/de\\\/#\\\/schema\\\/logo\\\/image\\\/\",\"url\":\"https:\\\/\\\/vienna-alacarte.com\\\/wp-content\\\/uploads\\\/2025\\\/11\\\/cropped-CWMain-1.webp\",\"contentUrl\":\"https:\\\/\\\/vienna-alacarte.com\\\/wp-content\\\/uploads\\\/2025\\\/11\\\/cropped-CWMain-1.webp\",\"width\":218,\"height\":100,\"caption\":\"[:en]Vienna \u00e0 la carte[:de]Vienna ala carte[:fr]Vienna ala carte[:es]Vienna ala carte[:]\"},\"image\":{\"@id\":\"https:\\\/\\\/vienna-alacarte.com\\\/de\\\/#\\\/schema\\\/logo\\\/image\\\/\"}}]}<\/script>\n<!-- \/ Yoast SEO plugin. -->","yoast_head_json":{"title":"Terms Conditions - [:en]Vienna \u00e0 la carte[:de]Vienna ala carte[:fr]Vienna ala carte[:es]Vienna ala carte[:]","robots":{"index":"index","follow":"follow","max-snippet":"max-snippet:-1","max-image-preview":"max-image-preview:large","max-video-preview":"max-video-preview:-1"},"canonical":"https:\/\/vienna-alacarte.com\/de\/terms-conditions\/","og_locale":"fr_FR","og_type":"article","og_title":"Terms Conditions - [:en]Vienna \u00e0 la carte[:de]Vienna ala carte[:fr]Vienna ala carte[:es]Vienna ala carte[:]","og_description":"Conditions de r\u00e9servation POLITIQUE D&rsquo;ANNULATION Vous pouvez annuler toutes nos visites de groupe gratuitement jusqu&rsquo;\u00e0 24 heures avant le d\u00e9but de la visite. Aucun remboursement ne sera effectu\u00e9 en cas d&rsquo;annulation tardive ou de non-pr\u00e9sentation. Les visites priv\u00e9es peuvent \u00eatre annul\u00e9es gratuitement jusqu&rsquo;\u00e0 72 heures avant le d\u00e9but de la visite (sauf pour les groupes [&hellip;]","og_url":"https:\/\/vienna-alacarte.com\/de\/terms-conditions\/","og_site_name":"[:en]Vienna \u00e0 la carte[:de]Vienna ala carte[:fr]Vienna ala carte[:es]Vienna ala carte[:]","article_modified_time":"2026-04-08T14:09:24+00:00","twitter_card":"summary_large_image","twitter_misc":{"Dur\u00e9e de lecture estim\u00e9e":"3 minutes"},"schema":{"@context":"https:\/\/schema.org","@graph":[{"@type":"WebPage","@id":"https:\/\/vienna-alacarte.com\/de\/terms-conditions\/","url":"https:\/\/vienna-alacarte.com\/de\/terms-conditions\/","name":"Terms Conditions - [:en]Vienna \u00e0 la carte[:de]Vienna ala carte[:fr]Vienna ala carte[:es]Vienna ala carte[:]","isPartOf":{"@id":"https:\/\/vienna-alacarte.com\/de\/#website"},"datePublished":"2026-02-16T11:11:07+00:00","dateModified":"2026-04-08T14:09:24+00:00","breadcrumb":{"@id":"https:\/\/vienna-alacarte.com\/de\/terms-conditions\/#breadcrumb"},"inLanguage":"fr-FR","potentialAction":[{"@type":"ReadAction","target":["https:\/\/vienna-alacarte.com\/de\/terms-conditions\/"]}]},{"@type":"BreadcrumbList","@id":"https:\/\/vienna-alacarte.com\/de\/terms-conditions\/#breadcrumb","itemListElement":[{"@type":"ListItem","position":1,"name":"Home","item":"https:\/\/vienna-alacarte.com\/de\/"},{"@type":"ListItem","position":2,"name":"Terms Conditions"}]},{"@type":"WebSite","@id":"https:\/\/vienna-alacarte.com\/de\/#website","url":"https:\/\/vienna-alacarte.com\/de\/","name":"[:en]Vienna \u00e0 la carte[:de]Vienna ala carte[:fr]Vienna ala carte[:es]Vienna ala carte[:]","description":"[:en]Private Sightseeing Tours and Day Trips in Vienna with expert guides[:]","publisher":{"@id":"https:\/\/vienna-alacarte.com\/de\/#organization"},"potentialAction":[{"@type":"SearchAction","target":{"@type":"EntryPoint","urlTemplate":"https:\/\/vienna-alacarte.com\/de\/?s={search_term_string}"},"query-input":{"@type":"PropertyValueSpecification","valueRequired":true,"valueName":"search_term_string"}}],"inLanguage":"fr-FR"},{"@type":"Organization","@id":"https:\/\/vienna-alacarte.com\/de\/#organization","name":"[:en]Vienna \u00e0 la carte[:de]Vienna ala carte[:fr]Vienna ala carte[:es]Vienna ala carte[:]","url":"https:\/\/vienna-alacarte.com\/de\/","logo":{"@type":"ImageObject","inLanguage":"fr-FR","@id":"https:\/\/vienna-alacarte.com\/de\/#\/schema\/logo\/image\/","url":"https:\/\/vienna-alacarte.com\/wp-content\/uploads\/2025\/11\/cropped-CWMain-1.webp","contentUrl":"https:\/\/vienna-alacarte.com\/wp-content\/uploads\/2025\/11\/cropped-CWMain-1.webp","width":218,"height":100,"caption":"[:en]Vienna \u00e0 la carte[:de]Vienna ala carte[:fr]Vienna ala carte[:es]Vienna ala carte[:]"},"image":{"@id":"https:\/\/vienna-alacarte.com\/de\/#\/schema\/logo\/image\/"}}]}},"_links":{"self":[{"href":"https:\/\/vienna-alacarte.com\/fr\/wp-json\/wp\/v2\/pages\/7943","targetHints":{"allow":["GET"]}}],"collection":[{"href":"https:\/\/vienna-alacarte.com\/fr\/wp-json\/wp\/v2\/pages"}],"about":[{"href":"https:\/\/vienna-alacarte.com\/fr\/wp-json\/wp\/v2\/types\/page"}],"author":[{"embeddable":true,"href":"https:\/\/vienna-alacarte.com\/fr\/wp-json\/wp\/v2\/users\/1"}],"replies":[{"embeddable":true,"href":"https:\/\/vienna-alacarte.com\/fr\/wp-json\/wp\/v2\/comments?post=7943"}],"version-history":[{"count":5,"href":"https:\/\/vienna-alacarte.com\/fr\/wp-json\/wp\/v2\/pages\/7943\/revisions"}],"predecessor-version":[{"id":76750,"href":"https:\/\/vienna-alacarte.com\/fr\/wp-json\/wp\/v2\/pages\/7943\/revisions\/76750"}],"wp:attachment":[{"href":"https:\/\/vienna-alacarte.com\/fr\/wp-json\/wp\/v2\/media?parent=7943"}],"curies":[{"name":"wp","href":"https:\/\/api.w.org\/{rel}","templated":true}]}}