{"id":637,"date":"2026-01-29T10:31:35","date_gmt":"2026-01-29T10:31:35","guid":{"rendered":"http:\/\/207.154.243.188\/about\/"},"modified":"2026-04-08T14:14:01","modified_gmt":"2026-04-08T14:14:01","slug":"about-us","status":"publish","type":"page","link":"https:\/\/vienna-alacarte.com\/fr\/about-us\/","title":{"rendered":"About"},"content":{"rendered":"<h1 style=\"text-align: left;\">\u00c0 propos de nous<\/h1>\r\n\r\n<p>At Vienna \u00e0 la carte we have been providing unique and memorable small-group and private tours for more than 16 years. Based in Vienna, we cater for quality-conscious travellers looking to discover Vienna and its surroundings in a relaxed atmosphere with engaging and competent guides.<\/p>\r\n<p>Our itineraries are based on years of experience and customer feedback. We pride ourselves on having put together Vienna\u2019s widest and most diverse choice of fun and entertaining tours and day trips which you can book \u00e0 la carte through our website. You can also contact us by using the contact form above or by sending an email to <a href=\"office@vienna-alacarte.com\">office@vienna-alacarte.com .<\/a><\/p>\r\n<p>Vienna \u00e0 la carte was founded by Ulrich Hahnkamper, a licensed Austrian tourist guide, in 2009. The company is a licenced travel agency, bus and limousine tour operator and a member of the Austrian chamber of Commerce.<\/p>","protected":false},"excerpt":{"rendered":"<p>\u00c0 propos de nous At Vienna \u00e0 la carte we have been providing unique and memorable small-group and private tours for more than 16 years. Based in Vienna, we cater for quality-conscious travellers looking to discover Vienna and its surroundings in a relaxed atmosphere with engaging and competent guides. Our itineraries are based on years [&hellip;]<\/p>\n","protected":false},"author":1,"featured_media":0,"parent":0,"menu_order":0,"comment_status":"closed","ping_status":"closed","template":"","meta":{"_acf_changed":false,"footnotes":""},"class_list":["post-637","page","type-page","status-publish","hentry"],"acf":[],"yoast_head":"<!-- This site is optimized with the Yoast SEO plugin v27.5 - https:\/\/yoast.com\/product\/yoast-seo-wordpress\/ -->\n<title>About - Vienna ala carte<\/title>\n<meta name=\"robots\" content=\"index, follow, max-snippet:-1, max-image-preview:large, max-video-preview:-1\" \/>\n<link rel=\"canonical\" href=\"https:\/\/vienna-alacarte.com\/about-us\/\" \/>\n<meta property=\"og:locale\" content=\"fr_FR\" \/>\n<meta property=\"og:type\" content=\"article\" \/>\n<meta property=\"og:title\" content=\"About - [:en]Vienna \u00e0 la carte[:de]Vienna ala carte[:fr]Vienna ala carte[:es]Vienna ala carte[:]\" \/>\n<meta property=\"og:description\" content=\"\u00c0 propos de nous At Vienna \u00e0 la carte we have been providing unique and memorable small-group and private tours for more than 16 years. Based in Vienna, we cater for quality-conscious travellers looking to discover Vienna and its surroundings in a relaxed atmosphere with engaging and competent guides. Our itineraries are based on years [&hellip;]\" \/>\n<meta property=\"og:url\" content=\"https:\/\/vienna-alacarte.com\/about-us\/\" \/>\n<meta property=\"og:site_name\" content=\"[:en]Vienna \u00e0 la carte[:de]Vienna ala carte[:fr]Vienna ala carte[:es]Vienna ala carte[:]\" \/>\n<meta property=\"article:modified_time\" content=\"2026-04-08T14:14:01+00:00\" \/>\n<meta name=\"twitter:card\" content=\"summary_large_image\" \/>\n<meta name=\"twitter:label1\" content=\"Dur\u00e9e de lecture estim\u00e9e\" \/>\n\t<meta name=\"twitter:data1\" content=\"3 minutes\" \/>\n<script type=\"application\/ld+json\" class=\"yoast-schema-graph\">{\"@context\":\"https:\\\/\\\/schema.org\",\"@graph\":[{\"@type\":\"WebPage\",\"@id\":\"https:\\\/\\\/vienna-alacarte.com\\\/about-us\\\/\",\"url\":\"https:\\\/\\\/vienna-alacarte.com\\\/about-us\\\/\",\"name\":\"About - [:en]Vienna \u00e0 la carte[:de]Vienna ala carte[:fr]Vienna ala carte[:es]Vienna ala carte[:]\",\"isPartOf\":{\"@id\":\"https:\\\/\\\/vienna-alacarte.com\\\/de\\\/#website\"},\"datePublished\":\"2026-01-29T10:31:35+00:00\",\"dateModified\":\"2026-04-08T14:14:01+00:00\",\"breadcrumb\":{\"@id\":\"https:\\\/\\\/vienna-alacarte.com\\\/about-us\\\/#breadcrumb\"},\"inLanguage\":\"fr-FR\",\"potentialAction\":[{\"@type\":\"ReadAction\",\"target\":[\"https:\\\/\\\/vienna-alacarte.com\\\/about-us\\\/\"]}]},{\"@type\":\"BreadcrumbList\",\"@id\":\"https:\\\/\\\/vienna-alacarte.com\\\/about-us\\\/#breadcrumb\",\"itemListElement\":[{\"@type\":\"ListItem\",\"position\":1,\"name\":\"Home\",\"item\":\"https:\\\/\\\/vienna-alacarte.com\\\/de\\\/\"},{\"@type\":\"ListItem\",\"position\":2,\"name\":\"About\"}]},{\"@type\":\"WebSite\",\"@id\":\"https:\\\/\\\/vienna-alacarte.com\\\/de\\\/#website\",\"url\":\"https:\\\/\\\/vienna-alacarte.com\\\/de\\\/\",\"name\":\"[:en]Vienna \u00e0 la carte[:de]Vienna ala carte[:fr]Vienna ala carte[:es]Vienna ala carte[:]\",\"description\":\"[:en]Private Sightseeing Tours and Day Trips in Vienna with expert guides[:]\",\"publisher\":{\"@id\":\"https:\\\/\\\/vienna-alacarte.com\\\/de\\\/#organization\"},\"potentialAction\":[{\"@type\":\"SearchAction\",\"target\":{\"@type\":\"EntryPoint\",\"urlTemplate\":\"https:\\\/\\\/vienna-alacarte.com\\\/de\\\/?s={search_term_string}\"},\"query-input\":{\"@type\":\"PropertyValueSpecification\",\"valueRequired\":true,\"valueName\":\"search_term_string\"}}],\"inLanguage\":\"fr-FR\"},{\"@type\":\"Organization\",\"@id\":\"https:\\\/\\\/vienna-alacarte.com\\\/de\\\/#organization\",\"name\":\"[:en]Vienna \u00e0 la carte[:de]Vienna ala carte[:fr]Vienna ala carte[:es]Vienna ala carte[:]\",\"url\":\"https:\\\/\\\/vienna-alacarte.com\\\/de\\\/\",\"logo\":{\"@type\":\"ImageObject\",\"inLanguage\":\"fr-FR\",\"@id\":\"https:\\\/\\\/vienna-alacarte.com\\\/de\\\/#\\\/schema\\\/logo\\\/image\\\/\",\"url\":\"https:\\\/\\\/vienna-alacarte.com\\\/wp-content\\\/uploads\\\/2025\\\/11\\\/cropped-CWMain-1.webp\",\"contentUrl\":\"https:\\\/\\\/vienna-alacarte.com\\\/wp-content\\\/uploads\\\/2025\\\/11\\\/cropped-CWMain-1.webp\",\"width\":218,\"height\":100,\"caption\":\"[:en]Vienna \u00e0 la carte[:de]Vienna ala carte[:fr]Vienna ala carte[:es]Vienna ala carte[:]\"},\"image\":{\"@id\":\"https:\\\/\\\/vienna-alacarte.com\\\/de\\\/#\\\/schema\\\/logo\\\/image\\\/\"}}]}<\/script>\n<!-- \/ Yoast SEO plugin. -->","yoast_head_json":{"title":"About - [:en]Vienna \u00e0 la carte[:de]Vienna ala carte[:fr]Vienna ala carte[:es]Vienna ala carte[:]","robots":{"index":"index","follow":"follow","max-snippet":"max-snippet:-1","max-image-preview":"max-image-preview:large","max-video-preview":"max-video-preview:-1"},"canonical":"https:\/\/vienna-alacarte.com\/about-us\/","og_locale":"fr_FR","og_type":"article","og_title":"About - [:en]Vienna \u00e0 la carte[:de]Vienna ala carte[:fr]Vienna ala carte[:es]Vienna ala carte[:]","og_description":"\u00c0 propos de nous At Vienna \u00e0 la carte we have been providing unique and memorable small-group and private tours for more than 16 years. Based in Vienna, we cater for quality-conscious travellers looking to discover Vienna and its surroundings in a relaxed atmosphere with engaging and competent guides. Our itineraries are based on years [&hellip;]","og_url":"https:\/\/vienna-alacarte.com\/about-us\/","og_site_name":"[:en]Vienna \u00e0 la carte[:de]Vienna ala carte[:fr]Vienna ala carte[:es]Vienna ala carte[:]","article_modified_time":"2026-04-08T14:14:01+00:00","twitter_card":"summary_large_image","twitter_misc":{"Dur\u00e9e de lecture estim\u00e9e":"3 minutes"},"schema":{"@context":"https:\/\/schema.org","@graph":[{"@type":"WebPage","@id":"https:\/\/vienna-alacarte.com\/about-us\/","url":"https:\/\/vienna-alacarte.com\/about-us\/","name":"About - [:en]Vienna \u00e0 la carte[:de]Vienna ala carte[:fr]Vienna ala carte[:es]Vienna ala carte[:]","isPartOf":{"@id":"https:\/\/vienna-alacarte.com\/de\/#website"},"datePublished":"2026-01-29T10:31:35+00:00","dateModified":"2026-04-08T14:14:01+00:00","breadcrumb":{"@id":"https:\/\/vienna-alacarte.com\/about-us\/#breadcrumb"},"inLanguage":"fr-FR","potentialAction":[{"@type":"ReadAction","target":["https:\/\/vienna-alacarte.com\/about-us\/"]}]},{"@type":"BreadcrumbList","@id":"https:\/\/vienna-alacarte.com\/about-us\/#breadcrumb","itemListElement":[{"@type":"ListItem","position":1,"name":"Home","item":"https:\/\/vienna-alacarte.com\/de\/"},{"@type":"ListItem","position":2,"name":"About"}]},{"@type":"WebSite","@id":"https:\/\/vienna-alacarte.com\/de\/#website","url":"https:\/\/vienna-alacarte.com\/de\/","name":"[:en]Vienna \u00e0 la carte[:de]Vienna ala carte[:fr]Vienna ala carte[:es]Vienna ala carte[:]","description":"[:en]Private Sightseeing Tours and Day Trips in Vienna with expert guides[:]","publisher":{"@id":"https:\/\/vienna-alacarte.com\/de\/#organization"},"potentialAction":[{"@type":"SearchAction","target":{"@type":"EntryPoint","urlTemplate":"https:\/\/vienna-alacarte.com\/de\/?s={search_term_string}"},"query-input":{"@type":"PropertyValueSpecification","valueRequired":true,"valueName":"search_term_string"}}],"inLanguage":"fr-FR"},{"@type":"Organization","@id":"https:\/\/vienna-alacarte.com\/de\/#organization","name":"[:en]Vienna \u00e0 la carte[:de]Vienna ala carte[:fr]Vienna ala carte[:es]Vienna ala carte[:]","url":"https:\/\/vienna-alacarte.com\/de\/","logo":{"@type":"ImageObject","inLanguage":"fr-FR","@id":"https:\/\/vienna-alacarte.com\/de\/#\/schema\/logo\/image\/","url":"https:\/\/vienna-alacarte.com\/wp-content\/uploads\/2025\/11\/cropped-CWMain-1.webp","contentUrl":"https:\/\/vienna-alacarte.com\/wp-content\/uploads\/2025\/11\/cropped-CWMain-1.webp","width":218,"height":100,"caption":"[:en]Vienna \u00e0 la carte[:de]Vienna ala carte[:fr]Vienna ala carte[:es]Vienna ala carte[:]"},"image":{"@id":"https:\/\/vienna-alacarte.com\/de\/#\/schema\/logo\/image\/"}}]}},"_links":{"self":[{"href":"https:\/\/vienna-alacarte.com\/fr\/wp-json\/wp\/v2\/pages\/637","targetHints":{"allow":["GET"]}}],"collection":[{"href":"https:\/\/vienna-alacarte.com\/fr\/wp-json\/wp\/v2\/pages"}],"about":[{"href":"https:\/\/vienna-alacarte.com\/fr\/wp-json\/wp\/v2\/types\/page"}],"author":[{"embeddable":true,"href":"https:\/\/vienna-alacarte.com\/fr\/wp-json\/wp\/v2\/users\/1"}],"replies":[{"embeddable":true,"href":"https:\/\/vienna-alacarte.com\/fr\/wp-json\/wp\/v2\/comments?post=637"}],"version-history":[{"count":5,"href":"https:\/\/vienna-alacarte.com\/fr\/wp-json\/wp\/v2\/pages\/637\/revisions"}],"predecessor-version":[{"id":76754,"href":"https:\/\/vienna-alacarte.com\/fr\/wp-json\/wp\/v2\/pages\/637\/revisions\/76754"}],"wp:attachment":[{"href":"https:\/\/vienna-alacarte.com\/fr\/wp-json\/wp\/v2\/media?parent=637"}],"curies":[{"name":"wp","href":"https:\/\/api.w.org\/{rel}","templated":true}]}}