{"id":7948,"date":"2026-02-16T11:17:30","date_gmt":"2026-02-16T11:17:30","guid":{"rendered":"http:\/\/207.154.243.188\/?page_id=7948"},"modified":"2026-04-08T14:12:17","modified_gmt":"2026-04-08T14:12:17","slug":"privacy-policy","status":"publish","type":"page","link":"https:\/\/vienna-alacarte.com\/es\/privacy-policy\/","title":{"rendered":"Privacy policy"},"content":{"rendered":"<h2 class=\"wp-block-heading\">Pol\u00edtica de privacidad<\/h2>\r\n<p>Su privacidad es importante para nosotros. La pol\u00edtica de Vienna \u00e0 la carte es respetar su privacidad con respecto a cualquier informaci\u00f3n que podamos recopilar de usted a trav\u00e9s de nuestro sitio web, <a href=\"https:\/\/www.vienna-alacarte.com\">https:\/\/www.vienna-alacarte.com<\/a>, y otros sitios que poseemos y operamos.<\/p>\r\n<p>Solo solicitamos informaci\u00f3n personal cuando realmente la necesitamos para brindarle un servicio. La recopilamos por medios justos y legales, con su conocimiento y consentimiento. Tambi\u00e9n le informamos por qu\u00e9 la recopilamos y c\u00f3mo se utilizar\u00e1.<\/p>\r\n<p>Solo conservamos la informaci\u00f3n recopilada durante el tiempo que sea necesario para brindarle el servicio solicitado. Los datos que almacenamos los protegeremos dentro de los medios comercialmente aceptables para evitar p\u00e9rdidas y robos, as\u00ed como el acceso, la divulgaci\u00f3n, la copia, el uso o la modificaci\u00f3n no autorizados.<\/p>\r\n<p>No compartimos ninguna informaci\u00f3n de identificaci\u00f3n personal p\u00fablicamente ni con terceros, excepto cuando lo exija la ley.<\/p>\r\n<p>Nuestro sitio web puede tener enlaces a sitios externos que no son operados por nosotros. Tenga en cuenta que no tenemos control sobre el contenido y las pr\u00e1cticas de estos sitios, y no podemos aceptar responsabilidad alguna por sus respectivas pol\u00edticas de privacidad.<\/p>\r\n<p>Es libre de rechazar nuestra solicitud de su informaci\u00f3n personal, con el entendimiento de que es posible que no podamos brindarle algunos de los servicios deseados.<\/p>\r\n<p>Su uso continuo de nuestro sitio web se considerar\u00e1 como la aceptaci\u00f3n de nuestras pr\u00e1cticas en materia de privacidad e informaci\u00f3n personal. Si tiene alguna pregunta sobre c\u00f3mo manejamos los datos de los usuarios y la informaci\u00f3n personal, no dude en contactarnos.<\/p>","protected":false},"excerpt":{"rendered":"<p>Pol\u00edtica de privacidad Su privacidad es importante para nosotros. La pol\u00edtica de Vienna \u00e0 la carte es respetar su privacidad con respecto a cualquier informaci\u00f3n que podamos recopilar de usted a trav\u00e9s de nuestro sitio web, https:\/\/www.vienna-alacarte.com, y otros sitios que poseemos y operamos. Solo solicitamos informaci\u00f3n personal cuando realmente la necesitamos para brindarle un [&hellip;]<\/p>\n","protected":false},"author":1,"featured_media":0,"parent":0,"menu_order":0,"comment_status":"closed","ping_status":"closed","template":"","meta":{"_acf_changed":false,"footnotes":""},"class_list":["post-7948","page","type-page","status-publish","hentry"],"acf":[],"yoast_head":"<!-- This site is optimized with the Yoast SEO plugin v27.5 - https:\/\/yoast.com\/product\/yoast-seo-wordpress\/ -->\n<title>Privacy policy - Vienna ala carte<\/title>\n<meta name=\"robots\" content=\"index, follow, max-snippet:-1, max-image-preview:large, max-video-preview:-1\" \/>\n<link rel=\"canonical\" href=\"https:\/\/vienna-alacarte.com\/privacy-policy\/\" \/>\n<meta property=\"og:locale\" content=\"es_ES\" \/>\n<meta property=\"og:type\" content=\"article\" \/>\n<meta property=\"og:title\" content=\"Privacy policy - [:en]Vienna \u00e0 la carte[:de]Vienna ala carte[:fr]Vienna ala carte[:es]Vienna ala carte[:]\" \/>\n<meta property=\"og:description\" content=\"Pol\u00edtica de privacidad Su privacidad es importante para nosotros. La pol\u00edtica de Vienna \u00e0 la carte es respetar su privacidad con respecto a cualquier informaci\u00f3n que podamos recopilar de usted a trav\u00e9s de nuestro sitio web, https:\/\/www.vienna-alacarte.com, y otros sitios que poseemos y operamos. Solo solicitamos informaci\u00f3n personal cuando realmente la necesitamos para brindarle un [&hellip;]\" \/>\n<meta property=\"og:url\" content=\"https:\/\/vienna-alacarte.com\/privacy-policy\/\" \/>\n<meta property=\"og:site_name\" content=\"[:en]Vienna \u00e0 la carte[:de]Vienna ala carte[:fr]Vienna ala carte[:es]Vienna ala carte[:]\" \/>\n<meta property=\"article:modified_time\" content=\"2026-04-08T14:12:17+00:00\" \/>\n<meta name=\"twitter:card\" content=\"summary_large_image\" \/>\n<meta name=\"twitter:label1\" content=\"Tiempo de lectura\" \/>\n\t<meta name=\"twitter:data1\" content=\"6 minutos\" \/>\n<script type=\"application\/ld+json\" class=\"yoast-schema-graph\">{\"@context\":\"https:\\\/\\\/schema.org\",\"@graph\":[{\"@type\":\"WebPage\",\"@id\":\"https:\\\/\\\/vienna-alacarte.com\\\/privacy-policy\\\/\",\"url\":\"https:\\\/\\\/vienna-alacarte.com\\\/privacy-policy\\\/\",\"name\":\"Privacy policy - [:en]Vienna \u00e0 la carte[:de]Vienna ala carte[:fr]Vienna ala carte[:es]Vienna ala carte[:]\",\"isPartOf\":{\"@id\":\"https:\\\/\\\/vienna-alacarte.com\\\/de\\\/#website\"},\"datePublished\":\"2026-02-16T11:17:30+00:00\",\"dateModified\":\"2026-04-08T14:12:17+00:00\",\"breadcrumb\":{\"@id\":\"https:\\\/\\\/vienna-alacarte.com\\\/privacy-policy\\\/#breadcrumb\"},\"inLanguage\":\"es\",\"potentialAction\":[{\"@type\":\"ReadAction\",\"target\":[\"https:\\\/\\\/vienna-alacarte.com\\\/privacy-policy\\\/\"]}]},{\"@type\":\"BreadcrumbList\",\"@id\":\"https:\\\/\\\/vienna-alacarte.com\\\/privacy-policy\\\/#breadcrumb\",\"itemListElement\":[{\"@type\":\"ListItem\",\"position\":1,\"name\":\"Home\",\"item\":\"https:\\\/\\\/vienna-alacarte.com\\\/de\\\/\"},{\"@type\":\"ListItem\",\"position\":2,\"name\":\"Privacy policy\"}]},{\"@type\":\"WebSite\",\"@id\":\"https:\\\/\\\/vienna-alacarte.com\\\/de\\\/#website\",\"url\":\"https:\\\/\\\/vienna-alacarte.com\\\/de\\\/\",\"name\":\"[:en]Vienna \u00e0 la carte[:de]Vienna ala carte[:fr]Vienna ala carte[:es]Vienna ala carte[:]\",\"description\":\"[:en]Private Sightseeing Tours and Day Trips in Vienna with expert guides[:]\",\"publisher\":{\"@id\":\"https:\\\/\\\/vienna-alacarte.com\\\/de\\\/#organization\"},\"potentialAction\":[{\"@type\":\"SearchAction\",\"target\":{\"@type\":\"EntryPoint\",\"urlTemplate\":\"https:\\\/\\\/vienna-alacarte.com\\\/de\\\/?s={search_term_string}\"},\"query-input\":{\"@type\":\"PropertyValueSpecification\",\"valueRequired\":true,\"valueName\":\"search_term_string\"}}],\"inLanguage\":\"es\"},{\"@type\":\"Organization\",\"@id\":\"https:\\\/\\\/vienna-alacarte.com\\\/de\\\/#organization\",\"name\":\"[:en]Vienna \u00e0 la carte[:de]Vienna ala carte[:fr]Vienna ala carte[:es]Vienna ala carte[:]\",\"url\":\"https:\\\/\\\/vienna-alacarte.com\\\/de\\\/\",\"logo\":{\"@type\":\"ImageObject\",\"inLanguage\":\"es\",\"@id\":\"https:\\\/\\\/vienna-alacarte.com\\\/de\\\/#\\\/schema\\\/logo\\\/image\\\/\",\"url\":\"https:\\\/\\\/vienna-alacarte.com\\\/wp-content\\\/uploads\\\/2025\\\/11\\\/cropped-CWMain-1.webp\",\"contentUrl\":\"https:\\\/\\\/vienna-alacarte.com\\\/wp-content\\\/uploads\\\/2025\\\/11\\\/cropped-CWMain-1.webp\",\"width\":218,\"height\":100,\"caption\":\"[:en]Vienna \u00e0 la carte[:de]Vienna ala carte[:fr]Vienna ala carte[:es]Vienna ala carte[:]\"},\"image\":{\"@id\":\"https:\\\/\\\/vienna-alacarte.com\\\/de\\\/#\\\/schema\\\/logo\\\/image\\\/\"}}]}<\/script>\n<!-- \/ Yoast SEO plugin. -->","yoast_head_json":{"title":"Privacy policy - [:en]Vienna \u00e0 la carte[:de]Vienna ala carte[:fr]Vienna ala carte[:es]Vienna ala carte[:]","robots":{"index":"index","follow":"follow","max-snippet":"max-snippet:-1","max-image-preview":"max-image-preview:large","max-video-preview":"max-video-preview:-1"},"canonical":"https:\/\/vienna-alacarte.com\/privacy-policy\/","og_locale":"es_ES","og_type":"article","og_title":"Privacy policy - [:en]Vienna \u00e0 la carte[:de]Vienna ala carte[:fr]Vienna ala carte[:es]Vienna ala carte[:]","og_description":"Pol\u00edtica de privacidad Su privacidad es importante para nosotros. La pol\u00edtica de Vienna \u00e0 la carte es respetar su privacidad con respecto a cualquier informaci\u00f3n que podamos recopilar de usted a trav\u00e9s de nuestro sitio web, https:\/\/www.vienna-alacarte.com, y otros sitios que poseemos y operamos. Solo solicitamos informaci\u00f3n personal cuando realmente la necesitamos para brindarle un [&hellip;]","og_url":"https:\/\/vienna-alacarte.com\/privacy-policy\/","og_site_name":"[:en]Vienna \u00e0 la carte[:de]Vienna ala carte[:fr]Vienna ala carte[:es]Vienna ala carte[:]","article_modified_time":"2026-04-08T14:12:17+00:00","twitter_card":"summary_large_image","twitter_misc":{"Tiempo de lectura":"6 minutos"},"schema":{"@context":"https:\/\/schema.org","@graph":[{"@type":"WebPage","@id":"https:\/\/vienna-alacarte.com\/privacy-policy\/","url":"https:\/\/vienna-alacarte.com\/privacy-policy\/","name":"Privacy policy - [:en]Vienna \u00e0 la carte[:de]Vienna ala carte[:fr]Vienna ala carte[:es]Vienna ala carte[:]","isPartOf":{"@id":"https:\/\/vienna-alacarte.com\/de\/#website"},"datePublished":"2026-02-16T11:17:30+00:00","dateModified":"2026-04-08T14:12:17+00:00","breadcrumb":{"@id":"https:\/\/vienna-alacarte.com\/privacy-policy\/#breadcrumb"},"inLanguage":"es","potentialAction":[{"@type":"ReadAction","target":["https:\/\/vienna-alacarte.com\/privacy-policy\/"]}]},{"@type":"BreadcrumbList","@id":"https:\/\/vienna-alacarte.com\/privacy-policy\/#breadcrumb","itemListElement":[{"@type":"ListItem","position":1,"name":"Home","item":"https:\/\/vienna-alacarte.com\/de\/"},{"@type":"ListItem","position":2,"name":"Privacy policy"}]},{"@type":"WebSite","@id":"https:\/\/vienna-alacarte.com\/de\/#website","url":"https:\/\/vienna-alacarte.com\/de\/","name":"[:en]Vienna \u00e0 la carte[:de]Vienna ala carte[:fr]Vienna ala carte[:es]Vienna ala carte[:]","description":"[:en]Private Sightseeing Tours and Day Trips in Vienna with expert guides[:]","publisher":{"@id":"https:\/\/vienna-alacarte.com\/de\/#organization"},"potentialAction":[{"@type":"SearchAction","target":{"@type":"EntryPoint","urlTemplate":"https:\/\/vienna-alacarte.com\/de\/?s={search_term_string}"},"query-input":{"@type":"PropertyValueSpecification","valueRequired":true,"valueName":"search_term_string"}}],"inLanguage":"es"},{"@type":"Organization","@id":"https:\/\/vienna-alacarte.com\/de\/#organization","name":"[:en]Vienna \u00e0 la carte[:de]Vienna ala carte[:fr]Vienna ala carte[:es]Vienna ala carte[:]","url":"https:\/\/vienna-alacarte.com\/de\/","logo":{"@type":"ImageObject","inLanguage":"es","@id":"https:\/\/vienna-alacarte.com\/de\/#\/schema\/logo\/image\/","url":"https:\/\/vienna-alacarte.com\/wp-content\/uploads\/2025\/11\/cropped-CWMain-1.webp","contentUrl":"https:\/\/vienna-alacarte.com\/wp-content\/uploads\/2025\/11\/cropped-CWMain-1.webp","width":218,"height":100,"caption":"[:en]Vienna \u00e0 la carte[:de]Vienna ala carte[:fr]Vienna ala carte[:es]Vienna ala carte[:]"},"image":{"@id":"https:\/\/vienna-alacarte.com\/de\/#\/schema\/logo\/image\/"}}]}},"_links":{"self":[{"href":"https:\/\/vienna-alacarte.com\/es\/wp-json\/wp\/v2\/pages\/7948","targetHints":{"allow":["GET"]}}],"collection":[{"href":"https:\/\/vienna-alacarte.com\/es\/wp-json\/wp\/v2\/pages"}],"about":[{"href":"https:\/\/vienna-alacarte.com\/es\/wp-json\/wp\/v2\/types\/page"}],"author":[{"embeddable":true,"href":"https:\/\/vienna-alacarte.com\/es\/wp-json\/wp\/v2\/users\/1"}],"replies":[{"embeddable":true,"href":"https:\/\/vienna-alacarte.com\/es\/wp-json\/wp\/v2\/comments?post=7948"}],"version-history":[{"count":5,"href":"https:\/\/vienna-alacarte.com\/es\/wp-json\/wp\/v2\/pages\/7948\/revisions"}],"predecessor-version":[{"id":76753,"href":"https:\/\/vienna-alacarte.com\/es\/wp-json\/wp\/v2\/pages\/7948\/revisions\/76753"}],"wp:attachment":[{"href":"https:\/\/vienna-alacarte.com\/es\/wp-json\/wp\/v2\/media?parent=7948"}],"curies":[{"name":"wp","href":"https:\/\/api.w.org\/{rel}","templated":true}]}}