{"id":7948,"date":"2026-02-16T11:17:30","date_gmt":"2026-02-16T11:17:30","guid":{"rendered":"http:\/\/207.154.243.188\/?page_id=7948"},"modified":"2026-04-08T14:12:17","modified_gmt":"2026-04-08T14:12:17","slug":"privacy-policy","status":"publish","type":"page","link":"https:\/\/vienna-alacarte.com\/de\/privacy-policy\/","title":{"rendered":"Privacy policy"},"content":{"rendered":"<h2 class=\"wp-block-heading\">Datenschutzerkl\u00e4rung<\/h2>\r\n<p>Ihre Privatsph\u00e4re ist uns wichtig. Es ist die Richtlinie von Vienna \u00e0 la carte, Ihre Privatsph\u00e4re in Bezug auf alle Informationen zu respektieren, die wir \u00fcber unsere Website<a href=\"https:\/\/www.vienna-alacarte.com\"> https:\/\/www.vienna-alacarte.com <\/a>und andere von uns betriebene Websites von Ihnen erfassen.<\/p>\r\n<p>Wir fragen nur nach pers\u00f6nlichen Daten, wenn wir diese wirklich ben\u00f6tigen, um Ihnen einen Service zu bieten. Wir erheben diese auf faire und rechtm\u00e4\u00dfige Weise, mit Ihrem Wissen und Ihrer Zustimmung. Wir teilen Ihnen auch mit, warum wir sie erfassen und wie sie verwendet werden.<\/p>\r\n<p>Wir bewahren die erfassten Informationen nur so lange auf, wie es erforderlich ist, um Ihnen den gew\u00fcnschten Service bereitzustellen. Die von uns gespeicherten Daten sch\u00fctzen wir mit wirtschaftlich angemessenen Mitteln, um Verlust und Diebstahl sowie unbefugten Zugriff, Offenlegung, Kopieren, Verwendung oder \u00c4nderung zu verhindern.<\/p>\r\n<p>Wir geben keine personenbezogenen Daten \u00f6ffentlich oder an Dritte weiter, es sei denn, dies ist gesetzlich vorgeschrieben.<\/p>\r\n<p>Unsere Website kann auf externe Websites verlinken, die nicht von uns betrieben werden. Bitte beachten Sie, dass wir keine Kontrolle \u00fcber den Inhalt und die Praktiken dieser Websites haben und keine Verantwortung oder Haftung f\u00fcr deren jeweilige Datenschutzrichtlinien \u00fcbernehmen k\u00f6nnen.<\/p>\r\n<p>Es steht Ihnen frei, unsere Anfrage nach Ihren pers\u00f6nlichen Daten abzulehnen, mit der Ma\u00dfgabe, dass wir Ihnen dann m\u00f6glicherweise einige Ihrer gew\u00fcnschten Dienstleistungen nicht anbieten k\u00f6nnen.<\/p>\r\n<p>Ihre fortgesetzte Nutzung unserer Website gilt als Akzeptanz unserer Praktiken in Bezug auf Datenschutz und pers\u00f6nliche Informationen. Wenn Sie Fragen dazu haben, wie wir mit Benutzerdaten und pers\u00f6nlichen Informationen umgehen, k\u00f6nnen Sie sich gerne an uns wenden.<\/p>","protected":false},"excerpt":{"rendered":"<p>Datenschutzerkl\u00e4rung Ihre Privatsph\u00e4re ist uns wichtig. Es ist die Richtlinie von Vienna \u00e0 la carte, Ihre Privatsph\u00e4re in Bezug auf alle Informationen zu respektieren, die wir \u00fcber unsere Website https:\/\/www.vienna-alacarte.com und andere von uns betriebene Websites von Ihnen erfassen. Wir fragen nur nach pers\u00f6nlichen Daten, wenn wir diese wirklich ben\u00f6tigen, um Ihnen einen Service zu [&hellip;]<\/p>\n","protected":false},"author":1,"featured_media":0,"parent":0,"menu_order":0,"comment_status":"closed","ping_status":"closed","template":"","meta":{"_acf_changed":false,"footnotes":""},"class_list":["post-7948","page","type-page","status-publish","hentry"],"acf":[],"yoast_head":"<!-- This site is optimized with the Yoast SEO plugin v27.5 - https:\/\/yoast.com\/product\/yoast-seo-wordpress\/ -->\n<title>Privacy policy - Vienna ala carte<\/title>\n<meta name=\"robots\" content=\"index, follow, max-snippet:-1, max-image-preview:large, max-video-preview:-1\" \/>\n<link rel=\"canonical\" href=\"https:\/\/vienna-alacarte.com\/privacy-policy\/\" \/>\n<meta property=\"og:locale\" content=\"de_DE\" \/>\n<meta property=\"og:type\" content=\"article\" \/>\n<meta property=\"og:title\" content=\"Privacy policy - [:en]Vienna \u00e0 la carte[:de]Vienna ala carte[:fr]Vienna ala carte[:es]Vienna ala carte[:]\" \/>\n<meta property=\"og:description\" content=\"Datenschutzerkl\u00e4rung Ihre Privatsph\u00e4re ist uns wichtig. Es ist die Richtlinie von Vienna \u00e0 la carte, Ihre Privatsph\u00e4re in Bezug auf alle Informationen zu respektieren, die wir \u00fcber unsere Website https:\/\/www.vienna-alacarte.com und andere von uns betriebene Websites von Ihnen erfassen. Wir fragen nur nach pers\u00f6nlichen Daten, wenn wir diese wirklich ben\u00f6tigen, um Ihnen einen Service zu [&hellip;]\" \/>\n<meta property=\"og:url\" content=\"https:\/\/vienna-alacarte.com\/privacy-policy\/\" \/>\n<meta property=\"og:site_name\" content=\"[:en]Vienna \u00e0 la carte[:de]Vienna ala carte[:fr]Vienna ala carte[:es]Vienna ala carte[:]\" \/>\n<meta property=\"article:modified_time\" content=\"2026-04-08T14:12:17+00:00\" \/>\n<meta name=\"twitter:card\" content=\"summary_large_image\" \/>\n<meta name=\"twitter:label1\" content=\"Gesch\u00e4tzte Lesezeit\" \/>\n\t<meta name=\"twitter:data1\" content=\"6\u00a0Minuten\" \/>\n<script type=\"application\/ld+json\" class=\"yoast-schema-graph\">{\"@context\":\"https:\\\/\\\/schema.org\",\"@graph\":[{\"@type\":\"WebPage\",\"@id\":\"https:\\\/\\\/vienna-alacarte.com\\\/privacy-policy\\\/\",\"url\":\"https:\\\/\\\/vienna-alacarte.com\\\/privacy-policy\\\/\",\"name\":\"Privacy policy - [:en]Vienna \u00e0 la carte[:de]Vienna ala carte[:fr]Vienna ala carte[:es]Vienna ala carte[:]\",\"isPartOf\":{\"@id\":\"https:\\\/\\\/vienna-alacarte.com\\\/de\\\/#website\"},\"datePublished\":\"2026-02-16T11:17:30+00:00\",\"dateModified\":\"2026-04-08T14:12:17+00:00\",\"breadcrumb\":{\"@id\":\"https:\\\/\\\/vienna-alacarte.com\\\/privacy-policy\\\/#breadcrumb\"},\"inLanguage\":\"de\",\"potentialAction\":[{\"@type\":\"ReadAction\",\"target\":[\"https:\\\/\\\/vienna-alacarte.com\\\/privacy-policy\\\/\"]}]},{\"@type\":\"BreadcrumbList\",\"@id\":\"https:\\\/\\\/vienna-alacarte.com\\\/privacy-policy\\\/#breadcrumb\",\"itemListElement\":[{\"@type\":\"ListItem\",\"position\":1,\"name\":\"Home\",\"item\":\"https:\\\/\\\/vienna-alacarte.com\\\/de\\\/\"},{\"@type\":\"ListItem\",\"position\":2,\"name\":\"Privacy policy\"}]},{\"@type\":\"WebSite\",\"@id\":\"https:\\\/\\\/vienna-alacarte.com\\\/de\\\/#website\",\"url\":\"https:\\\/\\\/vienna-alacarte.com\\\/de\\\/\",\"name\":\"[:en]Vienna \u00e0 la carte[:de]Vienna ala carte[:fr]Vienna ala carte[:es]Vienna ala carte[:]\",\"description\":\"[:en]Private Sightseeing Tours and Day Trips in Vienna with expert guides[:]\",\"publisher\":{\"@id\":\"https:\\\/\\\/vienna-alacarte.com\\\/de\\\/#organization\"},\"potentialAction\":[{\"@type\":\"SearchAction\",\"target\":{\"@type\":\"EntryPoint\",\"urlTemplate\":\"https:\\\/\\\/vienna-alacarte.com\\\/de\\\/?s={search_term_string}\"},\"query-input\":{\"@type\":\"PropertyValueSpecification\",\"valueRequired\":true,\"valueName\":\"search_term_string\"}}],\"inLanguage\":\"de\"},{\"@type\":\"Organization\",\"@id\":\"https:\\\/\\\/vienna-alacarte.com\\\/de\\\/#organization\",\"name\":\"[:en]Vienna \u00e0 la carte[:de]Vienna ala carte[:fr]Vienna ala carte[:es]Vienna ala carte[:]\",\"url\":\"https:\\\/\\\/vienna-alacarte.com\\\/de\\\/\",\"logo\":{\"@type\":\"ImageObject\",\"inLanguage\":\"de\",\"@id\":\"https:\\\/\\\/vienna-alacarte.com\\\/de\\\/#\\\/schema\\\/logo\\\/image\\\/\",\"url\":\"https:\\\/\\\/vienna-alacarte.com\\\/wp-content\\\/uploads\\\/2025\\\/11\\\/cropped-CWMain-1.webp\",\"contentUrl\":\"https:\\\/\\\/vienna-alacarte.com\\\/wp-content\\\/uploads\\\/2025\\\/11\\\/cropped-CWMain-1.webp\",\"width\":218,\"height\":100,\"caption\":\"[:en]Vienna \u00e0 la carte[:de]Vienna ala carte[:fr]Vienna ala carte[:es]Vienna ala carte[:]\"},\"image\":{\"@id\":\"https:\\\/\\\/vienna-alacarte.com\\\/de\\\/#\\\/schema\\\/logo\\\/image\\\/\"}}]}<\/script>\n<!-- \/ Yoast SEO plugin. -->","yoast_head_json":{"title":"Privacy policy - [:en]Vienna \u00e0 la carte[:de]Vienna ala carte[:fr]Vienna ala carte[:es]Vienna ala carte[:]","robots":{"index":"index","follow":"follow","max-snippet":"max-snippet:-1","max-image-preview":"max-image-preview:large","max-video-preview":"max-video-preview:-1"},"canonical":"https:\/\/vienna-alacarte.com\/privacy-policy\/","og_locale":"de_DE","og_type":"article","og_title":"Privacy policy - [:en]Vienna \u00e0 la carte[:de]Vienna ala carte[:fr]Vienna ala carte[:es]Vienna ala carte[:]","og_description":"Datenschutzerkl\u00e4rung Ihre Privatsph\u00e4re ist uns wichtig. Es ist die Richtlinie von Vienna \u00e0 la carte, Ihre Privatsph\u00e4re in Bezug auf alle Informationen zu respektieren, die wir \u00fcber unsere Website https:\/\/www.vienna-alacarte.com und andere von uns betriebene Websites von Ihnen erfassen. Wir fragen nur nach pers\u00f6nlichen Daten, wenn wir diese wirklich ben\u00f6tigen, um Ihnen einen Service zu [&hellip;]","og_url":"https:\/\/vienna-alacarte.com\/privacy-policy\/","og_site_name":"[:en]Vienna \u00e0 la carte[:de]Vienna ala carte[:fr]Vienna ala carte[:es]Vienna ala carte[:]","article_modified_time":"2026-04-08T14:12:17+00:00","twitter_card":"summary_large_image","twitter_misc":{"Gesch\u00e4tzte Lesezeit":"6\u00a0Minuten"},"schema":{"@context":"https:\/\/schema.org","@graph":[{"@type":"WebPage","@id":"https:\/\/vienna-alacarte.com\/privacy-policy\/","url":"https:\/\/vienna-alacarte.com\/privacy-policy\/","name":"Privacy policy - [:en]Vienna \u00e0 la carte[:de]Vienna ala carte[:fr]Vienna ala carte[:es]Vienna ala carte[:]","isPartOf":{"@id":"https:\/\/vienna-alacarte.com\/de\/#website"},"datePublished":"2026-02-16T11:17:30+00:00","dateModified":"2026-04-08T14:12:17+00:00","breadcrumb":{"@id":"https:\/\/vienna-alacarte.com\/privacy-policy\/#breadcrumb"},"inLanguage":"de","potentialAction":[{"@type":"ReadAction","target":["https:\/\/vienna-alacarte.com\/privacy-policy\/"]}]},{"@type":"BreadcrumbList","@id":"https:\/\/vienna-alacarte.com\/privacy-policy\/#breadcrumb","itemListElement":[{"@type":"ListItem","position":1,"name":"Home","item":"https:\/\/vienna-alacarte.com\/de\/"},{"@type":"ListItem","position":2,"name":"Privacy policy"}]},{"@type":"WebSite","@id":"https:\/\/vienna-alacarte.com\/de\/#website","url":"https:\/\/vienna-alacarte.com\/de\/","name":"[:en]Vienna \u00e0 la carte[:de]Vienna ala carte[:fr]Vienna ala carte[:es]Vienna ala carte[:]","description":"[:en]Private Sightseeing Tours and Day Trips in Vienna with expert guides[:]","publisher":{"@id":"https:\/\/vienna-alacarte.com\/de\/#organization"},"potentialAction":[{"@type":"SearchAction","target":{"@type":"EntryPoint","urlTemplate":"https:\/\/vienna-alacarte.com\/de\/?s={search_term_string}"},"query-input":{"@type":"PropertyValueSpecification","valueRequired":true,"valueName":"search_term_string"}}],"inLanguage":"de"},{"@type":"Organization","@id":"https:\/\/vienna-alacarte.com\/de\/#organization","name":"[:en]Vienna \u00e0 la carte[:de]Vienna ala carte[:fr]Vienna ala carte[:es]Vienna ala carte[:]","url":"https:\/\/vienna-alacarte.com\/de\/","logo":{"@type":"ImageObject","inLanguage":"de","@id":"https:\/\/vienna-alacarte.com\/de\/#\/schema\/logo\/image\/","url":"https:\/\/vienna-alacarte.com\/wp-content\/uploads\/2025\/11\/cropped-CWMain-1.webp","contentUrl":"https:\/\/vienna-alacarte.com\/wp-content\/uploads\/2025\/11\/cropped-CWMain-1.webp","width":218,"height":100,"caption":"[:en]Vienna \u00e0 la carte[:de]Vienna ala carte[:fr]Vienna ala carte[:es]Vienna ala carte[:]"},"image":{"@id":"https:\/\/vienna-alacarte.com\/de\/#\/schema\/logo\/image\/"}}]}},"_links":{"self":[{"href":"https:\/\/vienna-alacarte.com\/de\/wp-json\/wp\/v2\/pages\/7948","targetHints":{"allow":["GET"]}}],"collection":[{"href":"https:\/\/vienna-alacarte.com\/de\/wp-json\/wp\/v2\/pages"}],"about":[{"href":"https:\/\/vienna-alacarte.com\/de\/wp-json\/wp\/v2\/types\/page"}],"author":[{"embeddable":true,"href":"https:\/\/vienna-alacarte.com\/de\/wp-json\/wp\/v2\/users\/1"}],"replies":[{"embeddable":true,"href":"https:\/\/vienna-alacarte.com\/de\/wp-json\/wp\/v2\/comments?post=7948"}],"version-history":[{"count":5,"href":"https:\/\/vienna-alacarte.com\/de\/wp-json\/wp\/v2\/pages\/7948\/revisions"}],"predecessor-version":[{"id":76753,"href":"https:\/\/vienna-alacarte.com\/de\/wp-json\/wp\/v2\/pages\/7948\/revisions\/76753"}],"wp:attachment":[{"href":"https:\/\/vienna-alacarte.com\/de\/wp-json\/wp\/v2\/media?parent=7948"}],"curies":[{"name":"wp","href":"https:\/\/api.w.org\/{rel}","templated":true}]}}