{"id":7943,"date":"2026-02-16T11:11:07","date_gmt":"2026-02-16T11:11:07","guid":{"rendered":"http:\/\/207.154.243.188\/?page_id=7943"},"modified":"2026-04-08T14:09:24","modified_gmt":"2026-04-08T14:09:24","slug":"terms-conditions","status":"publish","type":"page","link":"https:\/\/vienna-alacarte.com\/de\/terms-conditions\/","title":{"rendered":"Terms Conditions"},"content":{"rendered":"<p><\/p>\n<h2>Buchungsbedingungen<\/h2>\n<p><strong>STORNIERUNGSBEDINGUNGEN<\/strong><br \/>\nSie k\u00f6nnen alle unsere Gruppentouren bis zu 24 Stunden vor Tourbeginn kostenlos stornieren. Bei sp\u00e4teren Stornierungen oder Nichterscheinen erfolgt keine R\u00fcckerstattung. Private Touren k\u00f6nnen bis zu 72 Stunden vor Tourbeginn kostenlos storniert werden (au\u00dfer bei Gruppen von mehr als 7 Personen).<\/p>\n<p>Details entnehmen Sie bitte den Beschreibungen der jeweiligen Tour.Stornierungen m\u00fcssen schriftlich (per E-Mail) erfolgen.<br \/>\nStornierungen per Telefon werden nicht akzeptiert.<\/p>\n<p>&nbsp;<\/p>\n<p><strong>MINDESTTEILNEHMERZAHL<\/strong><br \/>\nUnsere Gruppentouren finden ab einer Mindestteilnehmerzahl von 4 Personen statt. Wenn das Minimum nicht erreicht wird, kontaktieren wir Sie im Voraus per E-Mail oder Telefon. Sie k\u00f6nnen dann zwischen einer Umbuchung auf einen anderen Termin oder einer vollst\u00e4ndigen R\u00fcckerstattung w\u00e4hlen.<\/p>","protected":false},"excerpt":{"rendered":"<p>Buchungsbedingungen STORNIERUNGSBEDINGUNGEN Sie k\u00f6nnen alle unsere Gruppentouren bis zu 24 Stunden vor Tourbeginn kostenlos stornieren. Bei sp\u00e4teren Stornierungen oder Nichterscheinen erfolgt keine R\u00fcckerstattung. Private Touren k\u00f6nnen bis zu 72 Stunden vor Tourbeginn kostenlos storniert werden (au\u00dfer bei Gruppen von mehr als 7 Personen). Details entnehmen Sie bitte den Beschreibungen der jeweiligen Tour.Stornierungen m\u00fcssen schriftlich (per [&hellip;]<\/p>\n","protected":false},"author":1,"featured_media":0,"parent":0,"menu_order":0,"comment_status":"closed","ping_status":"closed","template":"","meta":{"_acf_changed":false,"footnotes":""},"class_list":["post-7943","page","type-page","status-publish","hentry"],"acf":[],"yoast_head":"<!-- This site is optimized with the Yoast SEO plugin v27.5 - https:\/\/yoast.com\/product\/yoast-seo-wordpress\/ -->\n<title>Terms Conditions - Vienna ala carte<\/title>\n<meta name=\"robots\" content=\"index, follow, max-snippet:-1, max-image-preview:large, max-video-preview:-1\" \/>\n<link rel=\"canonical\" href=\"https:\/\/vienna-alacarte.com\/de\/terms-conditions\/\" \/>\n<meta property=\"og:locale\" content=\"de_DE\" \/>\n<meta property=\"og:type\" content=\"article\" \/>\n<meta property=\"og:title\" content=\"Terms Conditions - [:en]Vienna \u00e0 la carte[:de]Vienna ala carte[:fr]Vienna ala carte[:es]Vienna ala carte[:]\" \/>\n<meta property=\"og:description\" content=\"Buchungsbedingungen STORNIERUNGSBEDINGUNGEN Sie k\u00f6nnen alle unsere Gruppentouren bis zu 24 Stunden vor Tourbeginn kostenlos stornieren. Bei sp\u00e4teren Stornierungen oder Nichterscheinen erfolgt keine R\u00fcckerstattung. Private Touren k\u00f6nnen bis zu 72 Stunden vor Tourbeginn kostenlos storniert werden (au\u00dfer bei Gruppen von mehr als 7 Personen). Details entnehmen Sie bitte den Beschreibungen der jeweiligen Tour.Stornierungen m\u00fcssen schriftlich (per [&hellip;]\" \/>\n<meta property=\"og:url\" content=\"https:\/\/vienna-alacarte.com\/de\/terms-conditions\/\" \/>\n<meta property=\"og:site_name\" content=\"[:en]Vienna \u00e0 la carte[:de]Vienna ala carte[:fr]Vienna ala carte[:es]Vienna ala carte[:]\" \/>\n<meta property=\"article:modified_time\" content=\"2026-04-08T14:09:24+00:00\" \/>\n<meta name=\"twitter:card\" content=\"summary_large_image\" \/>\n<meta name=\"twitter:label1\" content=\"Gesch\u00e4tzte Lesezeit\" \/>\n\t<meta name=\"twitter:data1\" content=\"3\u00a0Minuten\" \/>\n<script type=\"application\/ld+json\" class=\"yoast-schema-graph\">{\"@context\":\"https:\\\/\\\/schema.org\",\"@graph\":[{\"@type\":\"WebPage\",\"@id\":\"https:\\\/\\\/vienna-alacarte.com\\\/de\\\/terms-conditions\\\/\",\"url\":\"https:\\\/\\\/vienna-alacarte.com\\\/de\\\/terms-conditions\\\/\",\"name\":\"Terms Conditions - [:en]Vienna \u00e0 la carte[:de]Vienna ala carte[:fr]Vienna ala carte[:es]Vienna ala carte[:]\",\"isPartOf\":{\"@id\":\"https:\\\/\\\/vienna-alacarte.com\\\/de\\\/#website\"},\"datePublished\":\"2026-02-16T11:11:07+00:00\",\"dateModified\":\"2026-04-08T14:09:24+00:00\",\"breadcrumb\":{\"@id\":\"https:\\\/\\\/vienna-alacarte.com\\\/de\\\/terms-conditions\\\/#breadcrumb\"},\"inLanguage\":\"de\",\"potentialAction\":[{\"@type\":\"ReadAction\",\"target\":[\"https:\\\/\\\/vienna-alacarte.com\\\/de\\\/terms-conditions\\\/\"]}]},{\"@type\":\"BreadcrumbList\",\"@id\":\"https:\\\/\\\/vienna-alacarte.com\\\/de\\\/terms-conditions\\\/#breadcrumb\",\"itemListElement\":[{\"@type\":\"ListItem\",\"position\":1,\"name\":\"Home\",\"item\":\"https:\\\/\\\/vienna-alacarte.com\\\/de\\\/\"},{\"@type\":\"ListItem\",\"position\":2,\"name\":\"Terms Conditions\"}]},{\"@type\":\"WebSite\",\"@id\":\"https:\\\/\\\/vienna-alacarte.com\\\/de\\\/#website\",\"url\":\"https:\\\/\\\/vienna-alacarte.com\\\/de\\\/\",\"name\":\"[:en]Vienna \u00e0 la carte[:de]Vienna ala carte[:fr]Vienna ala carte[:es]Vienna ala carte[:]\",\"description\":\"[:en]Private Sightseeing Tours and Day Trips in Vienna with expert guides[:]\",\"publisher\":{\"@id\":\"https:\\\/\\\/vienna-alacarte.com\\\/de\\\/#organization\"},\"potentialAction\":[{\"@type\":\"SearchAction\",\"target\":{\"@type\":\"EntryPoint\",\"urlTemplate\":\"https:\\\/\\\/vienna-alacarte.com\\\/de\\\/?s={search_term_string}\"},\"query-input\":{\"@type\":\"PropertyValueSpecification\",\"valueRequired\":true,\"valueName\":\"search_term_string\"}}],\"inLanguage\":\"de\"},{\"@type\":\"Organization\",\"@id\":\"https:\\\/\\\/vienna-alacarte.com\\\/de\\\/#organization\",\"name\":\"[:en]Vienna \u00e0 la carte[:de]Vienna ala carte[:fr]Vienna ala carte[:es]Vienna ala carte[:]\",\"url\":\"https:\\\/\\\/vienna-alacarte.com\\\/de\\\/\",\"logo\":{\"@type\":\"ImageObject\",\"inLanguage\":\"de\",\"@id\":\"https:\\\/\\\/vienna-alacarte.com\\\/de\\\/#\\\/schema\\\/logo\\\/image\\\/\",\"url\":\"https:\\\/\\\/vienna-alacarte.com\\\/wp-content\\\/uploads\\\/2025\\\/11\\\/cropped-CWMain-1.webp\",\"contentUrl\":\"https:\\\/\\\/vienna-alacarte.com\\\/wp-content\\\/uploads\\\/2025\\\/11\\\/cropped-CWMain-1.webp\",\"width\":218,\"height\":100,\"caption\":\"[:en]Vienna \u00e0 la carte[:de]Vienna ala carte[:fr]Vienna ala carte[:es]Vienna ala carte[:]\"},\"image\":{\"@id\":\"https:\\\/\\\/vienna-alacarte.com\\\/de\\\/#\\\/schema\\\/logo\\\/image\\\/\"}}]}<\/script>\n<!-- \/ Yoast SEO plugin. -->","yoast_head_json":{"title":"Terms Conditions - [:en]Vienna \u00e0 la carte[:de]Vienna ala carte[:fr]Vienna ala carte[:es]Vienna ala carte[:]","robots":{"index":"index","follow":"follow","max-snippet":"max-snippet:-1","max-image-preview":"max-image-preview:large","max-video-preview":"max-video-preview:-1"},"canonical":"https:\/\/vienna-alacarte.com\/de\/terms-conditions\/","og_locale":"de_DE","og_type":"article","og_title":"Terms Conditions - [:en]Vienna \u00e0 la carte[:de]Vienna ala carte[:fr]Vienna ala carte[:es]Vienna ala carte[:]","og_description":"Buchungsbedingungen STORNIERUNGSBEDINGUNGEN Sie k\u00f6nnen alle unsere Gruppentouren bis zu 24 Stunden vor Tourbeginn kostenlos stornieren. Bei sp\u00e4teren Stornierungen oder Nichterscheinen erfolgt keine R\u00fcckerstattung. Private Touren k\u00f6nnen bis zu 72 Stunden vor Tourbeginn kostenlos storniert werden (au\u00dfer bei Gruppen von mehr als 7 Personen). Details entnehmen Sie bitte den Beschreibungen der jeweiligen Tour.Stornierungen m\u00fcssen schriftlich (per [&hellip;]","og_url":"https:\/\/vienna-alacarte.com\/de\/terms-conditions\/","og_site_name":"[:en]Vienna \u00e0 la carte[:de]Vienna ala carte[:fr]Vienna ala carte[:es]Vienna ala carte[:]","article_modified_time":"2026-04-08T14:09:24+00:00","twitter_card":"summary_large_image","twitter_misc":{"Gesch\u00e4tzte Lesezeit":"3\u00a0Minuten"},"schema":{"@context":"https:\/\/schema.org","@graph":[{"@type":"WebPage","@id":"https:\/\/vienna-alacarte.com\/de\/terms-conditions\/","url":"https:\/\/vienna-alacarte.com\/de\/terms-conditions\/","name":"Terms Conditions - [:en]Vienna \u00e0 la carte[:de]Vienna ala carte[:fr]Vienna ala carte[:es]Vienna ala carte[:]","isPartOf":{"@id":"https:\/\/vienna-alacarte.com\/de\/#website"},"datePublished":"2026-02-16T11:11:07+00:00","dateModified":"2026-04-08T14:09:24+00:00","breadcrumb":{"@id":"https:\/\/vienna-alacarte.com\/de\/terms-conditions\/#breadcrumb"},"inLanguage":"de","potentialAction":[{"@type":"ReadAction","target":["https:\/\/vienna-alacarte.com\/de\/terms-conditions\/"]}]},{"@type":"BreadcrumbList","@id":"https:\/\/vienna-alacarte.com\/de\/terms-conditions\/#breadcrumb","itemListElement":[{"@type":"ListItem","position":1,"name":"Home","item":"https:\/\/vienna-alacarte.com\/de\/"},{"@type":"ListItem","position":2,"name":"Terms Conditions"}]},{"@type":"WebSite","@id":"https:\/\/vienna-alacarte.com\/de\/#website","url":"https:\/\/vienna-alacarte.com\/de\/","name":"[:en]Vienna \u00e0 la carte[:de]Vienna ala carte[:fr]Vienna ala carte[:es]Vienna ala carte[:]","description":"[:en]Private Sightseeing Tours and Day Trips in Vienna with expert guides[:]","publisher":{"@id":"https:\/\/vienna-alacarte.com\/de\/#organization"},"potentialAction":[{"@type":"SearchAction","target":{"@type":"EntryPoint","urlTemplate":"https:\/\/vienna-alacarte.com\/de\/?s={search_term_string}"},"query-input":{"@type":"PropertyValueSpecification","valueRequired":true,"valueName":"search_term_string"}}],"inLanguage":"de"},{"@type":"Organization","@id":"https:\/\/vienna-alacarte.com\/de\/#organization","name":"[:en]Vienna \u00e0 la carte[:de]Vienna ala carte[:fr]Vienna ala carte[:es]Vienna ala carte[:]","url":"https:\/\/vienna-alacarte.com\/de\/","logo":{"@type":"ImageObject","inLanguage":"de","@id":"https:\/\/vienna-alacarte.com\/de\/#\/schema\/logo\/image\/","url":"https:\/\/vienna-alacarte.com\/wp-content\/uploads\/2025\/11\/cropped-CWMain-1.webp","contentUrl":"https:\/\/vienna-alacarte.com\/wp-content\/uploads\/2025\/11\/cropped-CWMain-1.webp","width":218,"height":100,"caption":"[:en]Vienna \u00e0 la carte[:de]Vienna ala carte[:fr]Vienna ala carte[:es]Vienna ala carte[:]"},"image":{"@id":"https:\/\/vienna-alacarte.com\/de\/#\/schema\/logo\/image\/"}}]}},"_links":{"self":[{"href":"https:\/\/vienna-alacarte.com\/de\/wp-json\/wp\/v2\/pages\/7943","targetHints":{"allow":["GET"]}}],"collection":[{"href":"https:\/\/vienna-alacarte.com\/de\/wp-json\/wp\/v2\/pages"}],"about":[{"href":"https:\/\/vienna-alacarte.com\/de\/wp-json\/wp\/v2\/types\/page"}],"author":[{"embeddable":true,"href":"https:\/\/vienna-alacarte.com\/de\/wp-json\/wp\/v2\/users\/1"}],"replies":[{"embeddable":true,"href":"https:\/\/vienna-alacarte.com\/de\/wp-json\/wp\/v2\/comments?post=7943"}],"version-history":[{"count":5,"href":"https:\/\/vienna-alacarte.com\/de\/wp-json\/wp\/v2\/pages\/7943\/revisions"}],"predecessor-version":[{"id":76750,"href":"https:\/\/vienna-alacarte.com\/de\/wp-json\/wp\/v2\/pages\/7943\/revisions\/76750"}],"wp:attachment":[{"href":"https:\/\/vienna-alacarte.com\/de\/wp-json\/wp\/v2\/media?parent=7943"}],"curies":[{"name":"wp","href":"https:\/\/api.w.org\/{rel}","templated":true}]}}